{"id":1702,"date":"2024-10-09T17:27:02","date_gmt":"2024-10-09T15:27:02","guid":{"rendered":"https:\/\/xn--seelandbru-y5a.ch\/tarifs\/"},"modified":"2026-04-30T08:24:52","modified_gmt":"2026-04-30T06:24:52","slug":"tarifs","status":"publish","type":"page","link":"https:\/\/xn--seelandbru-y5a.ch\/fr\/tarifs\/","title":{"rendered":"Tarifs"},"content":{"rendered":"\t\t<div data-elementor-type=\"wp-page\" data-elementor-id=\"1702\" class=\"elementor elementor-1702 elementor-345\" data-elementor-post-type=\"page\">\n\t\t\t\t<div class=\"elementor-element elementor-element-1404e0e2 e-con-full e-flex e-con e-parent\" data-id=\"1404e0e2\" data-element_type=\"container\" data-e-type=\"container\" data-settings=\"{&quot;background_motion_fx_motion_fx_scrolling&quot;:&quot;yes&quot;,&quot;background_motion_fx_range&quot;:&quot;viewport&quot;,&quot;background_motion_fx_devices&quot;:[&quot;desktop&quot;,&quot;tablet&quot;],&quot;background_motion_fx_translateY_speed&quot;:{&quot;unit&quot;:&quot;px&quot;,&quot;size&quot;:10,&quot;sizes&quot;:[]},&quot;background_background&quot;:&quot;classic&quot;,&quot;background_motion_fx_translateY_effect&quot;:&quot;yes&quot;,&quot;background_motion_fx_translateY_direction&quot;:&quot;negative&quot;,&quot;background_motion_fx_translateY_affectedRange&quot;:{&quot;unit&quot;:&quot;%&quot;,&quot;size&quot;:&quot;&quot;,&quot;sizes&quot;:{&quot;start&quot;:0,&quot;end&quot;:100}}}\">\n\t\t\t\t<\/div>\n\t\t<div class=\"elementor-element elementor-element-57dead96 e-flex e-con-boxed e-con e-parent\" data-id=\"57dead96\" data-element_type=\"container\" data-e-type=\"container\">\n\t\t\t\t\t<div class=\"e-con-inner\">\n\t\t<div class=\"elementor-element elementor-element-2cc22ce2 e-flex e-con-boxed e-con e-child\" data-id=\"2cc22ce2\" data-element_type=\"container\" data-e-type=\"container\">\n\t\t\t\t\t<div class=\"e-con-inner\">\n\t\t\t\t<div class=\"elementor-element elementor-element-39ae4d61 elementor-widget elementor-widget-heading\" data-id=\"39ae4d61\" data-element_type=\"widget\" data-e-type=\"widget\" data-widget_type=\"heading.default\">\n\t\t\t\t<div class=\"elementor-widget-container\">\n\t\t\t\t\t<h3 class=\"elementor-heading-title elementor-size-default\">Tarifs<\/h3>\t\t\t\t<\/div>\n\t\t\t\t<\/div>\n\t\t\t\t<div class=\"elementor-element elementor-element-3a9c63d1 elementor-widget elementor-widget-text-editor\" data-id=\"3a9c63d1\" data-element_type=\"widget\" data-e-type=\"widget\" data-widget_type=\"text-editor.default\">\n\t\t\t\t<div class=\"elementor-widget-container\">\n\t\t\t\t\t\t\t\t\t<p>La commande doit \u00eatre pass\u00e9e <b>au moins 7 jours<\/b> avant la collecte \u00e0 l&rsquo;aide du <a href=\"https:\/\/xn--seelandbru-y5a.ch\/fr\/commande-de-biere\/\">formulaire de commande<\/a>. Les commandes de derni\u00e8re minute peuvent \u00e9ventuellement encore \u00eatre prises en compte par <a href=\"mailto:sleep@lagolodge.ch\">e-mail<\/a> ou par t\u00e9l\u00e9phone au <a href=\"tel:+41323313732\">032 331 37 32<\/a> (sans garantie).<\/p><p>Les f\u00fbts command\u00e9s sont \u00e0 retirer au bar du <a href=\"https:\/\/www.lagolodge.ch\/\" target=\"_blank\" rel=\"noopener\">LagoLodge<\/a> pendant les heures d&rsquo;ouverture.<\/p><p>Les vari\u00e9t\u00e9s <b>Blonde<\/b>, <b>Sp\u00e9ciale<\/b> et <b>Brune<\/b> sont toujours disponibles. D&rsquo;autres vari\u00e9t\u00e9s sont propos\u00e9es en fonction des saisons.<br>L&rsquo;<b>Abeille<\/b> n&rsquo;est pas disponible en bouteilles ou en f\u00fbts.<\/p><p>Sur demande, nous accordons des tarifs pr\u00e9f\u00e9rentiels attrayants aux restaurateurs.  <\/p>\t\t\t\t\t\t\t\t<\/div>\n\t\t\t\t<\/div>\n\t\t\t\t\t<\/div>\n\t\t\t\t<\/div>\n\t\t<div class=\"elementor-element elementor-element-3da0f3f e-flex e-con-boxed e-con e-child\" data-id=\"3da0f3f\" data-element_type=\"container\" data-e-type=\"container\">\n\t\t\t\t\t<div class=\"e-con-inner\">\n\t\t\t\t<div class=\"elementor-element elementor-element-66c3a3b2 elementor-widget elementor-widget-shortcode\" data-id=\"66c3a3b2\" data-element_type=\"widget\" data-e-type=\"widget\" data-widget_type=\"shortcode.default\">\n\t\t\t\t<div class=\"elementor-widget-container\">\n\t\t\t\t\t\t\t<div class=\"elementor-shortcode\"><h2 id=\"tablepress-12-name\" class=\"tablepress-table-name tablepress-table-name-id-12\">Bouteilles<\/h2>\n\n<table id=\"tablepress-12\" class=\"tablepress tablepress-id-12\" aria-labelledby=\"tablepress-12-name\">\n<tbody class=\"row-hover\">\n<tr class=\"row-1\">\n\t<td class=\"column-1\">Bouteille de 1,5 litre en PET<\/td><td class=\"column-2\">CHF\u00a011.00<\/td>\n<\/tr>\n<tr class=\"row-2\">\n\t<td class=\"column-1\">Bouteille en verre de 2 litres \"Zoigl\"<\/td><td class=\"column-2\">CHF\u00a015.00<\/td>\n<\/tr>\n<tr class=\"row-3\">\n\t<td class=\"column-1\">plus d\u00e9p\u00f4t par bouteille en verre \"Zoigl\"<\/td><td class=\"column-2\">CHF\u00a020.00<\/td>\n<\/tr>\n<\/tbody>\n<\/table>\n<!-- #tablepress-12 from cache --><\/div>\n\t\t\t\t\t\t<\/div>\n\t\t\t\t<\/div>\n\t\t\t\t<div class=\"elementor-element elementor-element-367c9e07 elementor-widget elementor-widget-shortcode\" data-id=\"367c9e07\" data-element_type=\"widget\" data-e-type=\"widget\" data-widget_type=\"shortcode.default\">\n\t\t\t\t<div class=\"elementor-widget-container\">\n\t\t\t\t\t\t\t<div class=\"elementor-shortcode\"><h2 id=\"tablepress-13-name\" class=\"tablepress-table-name tablepress-table-name-id-13\">F\u00fbts sur r\u00e9servation<\/h2>\n\n<table id=\"tablepress-13\" class=\"tablepress tablepress-id-13\" aria-labelledby=\"tablepress-13-name\">\n<tbody class=\"row-hover\">\n<tr class=\"row-1\">\n\t<td class=\"column-1\">F\u00fbt de f\u00eate de 5 litres avec mise en perce bavaroise<\/td><td class=\"column-2\">CHF\u00a032.00<\/td>\n<\/tr>\n<tr class=\"row-2\">\n\t<td class=\"column-1\">F\u00fbt de f\u00eate de 10 litres avec mise en perce bavaroise<\/td><td class=\"column-2\">CHF\u00a059.00<\/td>\n<\/tr>\n<tr class=\"row-3\">\n\t<td class=\"column-1\">F\u00fbt de f\u00eate de 20 litres avec mise en perce bavaroise<\/td><td class=\"column-2\">CHF\u00a0103.00<\/td>\n<\/tr>\n<tr class=\"row-4\">\n\t<td class=\"column-1\">plus d\u00e9p\u00f4t par f\u00fbt<\/td><td class=\"column-2\">CHF\u00a0100.00<\/td>\n<\/tr>\n<tr class=\"row-5\">\n\t<td class=\"column-1\">plus d\u00e9p\u00f4t par kit de tirage<\/td><td class=\"column-2\">CHF\u00a010.00<\/td>\n<\/tr>\n<\/tbody>\n<\/table>\n<!-- #tablepress-13 from cache --><\/div>\n\t\t\t\t\t\t<\/div>\n\t\t\t\t<\/div>\n\t\t<div class=\"elementor-element elementor-element-50557a4 e-con-full e-flex e-con e-child\" data-id=\"50557a4\" data-element_type=\"container\" data-e-type=\"container\">\n\t\t\t\t<div class=\"elementor-element elementor-element-1191b07 elementor-align-center elementor-widget elementor-widget-button\" data-id=\"1191b07\" data-element_type=\"widget\" data-e-type=\"widget\" data-widget_type=\"button.default\">\n\t\t\t\t<div class=\"elementor-widget-container\">\n\t\t\t\t\t\t\t\t\t<div class=\"elementor-button-wrapper\">\n\t\t\t\t\t<a class=\"elementor-button elementor-button-link elementor-size-sm elementor-animation-grow\" href=\"https:\/\/xn--seelandbru-y5a.ch\/fr\/commande-de-biere\/\">\n\t\t\t\t\t\t<span class=\"elementor-button-content-wrapper\">\n\t\t\t\t\t\t\t\t\t<span class=\"elementor-button-text\">Commander<\/span>\n\t\t\t\t\t<\/span>\n\t\t\t\t\t<\/a>\n\t\t\t\t<\/div>\n\t\t\t\t\t\t\t\t<\/div>\n\t\t\t\t<\/div>\n\t\t\t\t<div class=\"elementor-element elementor-element-66484fe9 elementor-align-center elementor-widget elementor-widget-button\" data-id=\"66484fe9\" data-element_type=\"widget\" data-e-type=\"widget\" data-widget_type=\"button.default\">\n\t\t\t\t<div class=\"elementor-widget-container\">\n\t\t\t\t\t\t\t\t\t<div class=\"elementor-button-wrapper\">\n\t\t\t\t\t<a class=\"elementor-button elementor-button-link elementor-size-sm elementor-animation-grow\" href=\"https:\/\/xn--seelandbru-y5a.ch\/wp-content\/uploads\/2026\/01\/Mode-demploi-fut-de-biere.pdf\" target=\"_blank\">\n\t\t\t\t\t\t<span class=\"elementor-button-content-wrapper\">\n\t\t\t\t\t\t\t\t\t<span class=\"elementor-button-text\">Mode d'emploi du f\u00fbt de bi\u00e8re<\/span>\n\t\t\t\t\t<\/span>\n\t\t\t\t\t<\/a>\n\t\t\t\t<\/div>\n\t\t\t\t\t\t\t\t<\/div>\n\t\t\t\t<\/div>\n\t\t\t\t<\/div>\n\t\t\t\t<div class=\"elementor-element elementor-element-fee1814 elementor-widget elementor-widget-shortcode\" data-id=\"fee1814\" data-element_type=\"widget\" data-e-type=\"widget\" data-widget_type=\"shortcode.default\">\n\t\t\t\t<div class=\"elementor-widget-container\">\n\t\t\t\t\t\t\t<div class=\"elementor-shortcode\"><h2 id=\"tablepress-16-name\" class=\"tablepress-table-name tablepress-table-name-id-16\">Eau-de-vie de bi\u00e8re<\/h2>\n\n<table id=\"tablepress-16\" class=\"tablepress tablepress-id-16\" aria-labelledby=\"tablepress-16-name\">\n<tbody class=\"row-hover\">\n<tr class=\"row-1\">\n\t<td class=\"column-1\">Eau-de-vie de bi\u00e8re 20cl (40% vol.)<\/td><td class=\"column-2\">CHF 18.00<br \/>\n<\/td>\n<\/tr>\n<tr class=\"row-2\">\n\t<td class=\"column-1\">Eau-de-vie de bi\u00e8re 50cl (40% vol.)<\/td><td class=\"column-2\">CHF 40.00<\/td>\n<\/tr>\n<\/tbody>\n<\/table>\n<!-- #tablepress-16 from cache --><\/div>\n\t\t\t\t\t\t<\/div>\n\t\t\t\t<\/div>\n\t\t\t\t<div class=\"elementor-element elementor-element-d96ae20 elementor-widget elementor-widget-text-editor\" data-id=\"d96ae20\" data-element_type=\"widget\" data-e-type=\"widget\" data-widget_type=\"text-editor.default\">\n\t\t\t\t<div class=\"elementor-widget-container\">\n\t\t\t\t\t\t\t\t\t<p>Envoi postal possible (envoi gratuit \u00e0 partir de 6 bouteilles de 50cl) <br>Commande sur <a href=\"mailto:seelandbrau@mail.ch\">seelandbrau@mail.ch<\/a><\/p>\t\t\t\t\t\t\t\t<\/div>\n\t\t\t\t<\/div>\n\t\t\t\t<div class=\"elementor-element elementor-element-6d643509 elementor-widget elementor-widget-shortcode\" data-id=\"6d643509\" data-element_type=\"widget\" data-e-type=\"widget\" data-widget_type=\"shortcode.default\">\n\t\t\t\t<div class=\"elementor-widget-container\">\n\t\t\t\t\t\t\t<div class=\"elementor-shortcode\"><h2 id=\"tablepress-14-name\" class=\"tablepress-table-name tablepress-table-name-id-14\">Achat de verres<\/h2>\n\n<table id=\"tablepress-14\" class=\"tablepress tablepress-id-14\" aria-labelledby=\"tablepress-14-name\">\n<tbody class=\"row-hover\">\n<tr class=\"row-1\">\n\t<td class=\"column-1\">Verre \u00e0 bi\u00e8re de 2dl Seeland Br\u00e4u<\/td><td class=\"column-2\">CHF\u00a04.00<\/td>\n<\/tr>\n<tr class=\"row-2\">\n\t<td class=\"column-1\">Verre \u00e0 bi\u00e8re de 3dl Seeland Br\u00e4u<\/td><td class=\"column-2\">CHF\u00a05.00<\/td>\n<\/tr>\n<tr class=\"row-3\">\n\t<td class=\"column-1\">Verre \u00e0 bi\u00e8re de 5dl Seeland Br\u00e4u<\/td><td class=\"column-2\">CHF\u00a06.00<\/td>\n<\/tr>\n<tr class=\"row-4\">\n\t<td class=\"column-1\">Verre \u00e0 bi\u00e8re blanche Seeland Br\u00e4u de 5dl<\/td><td class=\"column-2\">CHF\u00a05.00<\/td>\n<\/tr>\n<\/tbody>\n<\/table>\n<!-- #tablepress-14 from cache --><\/div>\n\t\t\t\t\t\t<\/div>\n\t\t\t\t<\/div>\n\t\t\t\t<div class=\"elementor-element elementor-element-77e96bbc elementor-widget elementor-widget-shortcode\" data-id=\"77e96bbc\" data-element_type=\"widget\" data-e-type=\"widget\" data-widget_type=\"shortcode.default\">\n\t\t\t\t<div class=\"elementor-widget-container\">\n\t\t\t\t\t\t\t<div class=\"elementor-shortcode\"><h2 id=\"tablepress-15-name\" class=\"tablepress-table-name tablepress-table-name-id-15\">Location de verres<\/h2>\n\n<table id=\"tablepress-15\" class=\"tablepress tablepress-id-15\" aria-labelledby=\"tablepress-15-name\" aria-describedby=\"tablepress-15-description\">\n<tbody class=\"row-hover\">\n<tr class=\"row-1\">\n\t<td class=\"column-1\">par verre<\/td><td class=\"column-2\">CHF\u00a00.50<\/td>\n<\/tr>\n<\/tbody>\n<\/table>\n<span id=\"tablepress-15-description\" class=\"tablepress-table-description tablepress-table-description-id-15\">Les verres peuvent \u00eatre rapport\u00e9s non lav\u00e9s.<\/span>\n<!-- #tablepress-15 from cache --><\/div>\n\t\t\t\t\t\t<\/div>\n\t\t\t\t<\/div>\n\t\t\t\t\t<\/div>\n\t\t\t\t<\/div>\n\t\t\t\t\t<\/div>\n\t\t\t\t<\/div>\n\t\t\t\t<\/div>\n\t\t","protected":false},"excerpt":{"rendered":"<p>Tarifs La commande doit \u00eatre pass\u00e9e au moins 7 jours avant la collecte \u00e0 l&rsquo;aide du formulaire de commande. Les commandes de derni\u00e8re minute peuvent \u00e9ventuellement encore \u00eatre prises en compte par e-mail ou par t\u00e9l\u00e9phone au 032 331 37 32 (sans garantie). Les f\u00fbts command\u00e9s sont \u00e0 retirer au bar du LagoLodge pendant les [&hellip;]<\/p>\n","protected":false},"author":1,"featured_media":0,"parent":0,"menu_order":0,"comment_status":"closed","ping_status":"closed","template":"elementor_header_footer","meta":{"iawp_total_views":82,"footnotes":""},"class_list":["post-1702","page","type-page","status-publish","hentry"],"_links":{"self":[{"href":"https:\/\/xn--seelandbru-y5a.ch\/fr\/wp-json\/wp\/v2\/pages\/1702","targetHints":{"allow":["GET"]}}],"collection":[{"href":"https:\/\/xn--seelandbru-y5a.ch\/fr\/wp-json\/wp\/v2\/pages"}],"about":[{"href":"https:\/\/xn--seelandbru-y5a.ch\/fr\/wp-json\/wp\/v2\/types\/page"}],"author":[{"embeddable":true,"href":"https:\/\/xn--seelandbru-y5a.ch\/fr\/wp-json\/wp\/v2\/users\/1"}],"replies":[{"embeddable":true,"href":"https:\/\/xn--seelandbru-y5a.ch\/fr\/wp-json\/wp\/v2\/comments?post=1702"}],"version-history":[{"count":18,"href":"https:\/\/xn--seelandbru-y5a.ch\/fr\/wp-json\/wp\/v2\/pages\/1702\/revisions"}],"predecessor-version":[{"id":2192,"href":"https:\/\/xn--seelandbru-y5a.ch\/fr\/wp-json\/wp\/v2\/pages\/1702\/revisions\/2192"}],"wp:attachment":[{"href":"https:\/\/xn--seelandbru-y5a.ch\/fr\/wp-json\/wp\/v2\/media?parent=1702"}],"curies":[{"name":"wp","href":"https:\/\/api.w.org\/{rel}","templated":true}]}}