{"id":1704,"date":"2024-10-16T07:17:00","date_gmt":"2024-10-16T05:17:00","guid":{"rendered":"https:\/\/xn--seelandbru-y5a.ch\/conditions-dutilisation\/"},"modified":"2025-07-01T11:24:38","modified_gmt":"2025-07-01T09:24:38","slug":"conditions-dutilisation","status":"publish","type":"page","link":"https:\/\/xn--seelandbru-y5a.ch\/fr\/conditions-dutilisation\/","title":{"rendered":"Conditions d&rsquo;utilisation"},"content":{"rendered":"\t\t<div data-elementor-type=\"wp-page\" data-elementor-id=\"1704\" class=\"elementor elementor-1704 elementor-479\" data-elementor-post-type=\"page\">\n\t\t\t\t<div class=\"elementor-element elementor-element-37ecbf60 e-flex e-con-boxed e-con e-parent\" data-id=\"37ecbf60\" data-element_type=\"container\" data-e-type=\"container\">\n\t\t\t\t\t<div class=\"e-con-inner\">\n\t\t\t\t<div class=\"elementor-element elementor-element-cb06c94 elementor-widget elementor-widget-heading\" data-id=\"cb06c94\" data-element_type=\"widget\" data-e-type=\"widget\" data-widget_type=\"heading.default\">\n\t\t\t\t<div class=\"elementor-widget-container\">\n\t\t\t\t\t<h1 class=\"elementor-heading-title elementor-size-default\">Conditions d'utilisation<\/h1>\t\t\t\t<\/div>\n\t\t\t\t<\/div>\n\t\t\t\t<div class=\"elementor-element elementor-element-56eb3fc6 elementor-widget elementor-widget-text-editor\" data-id=\"56eb3fc6\" data-element_type=\"widget\" data-e-type=\"widget\" data-widget_type=\"text-editor.default\">\n\t\t\t\t<div class=\"elementor-widget-container\">\n\t\t\t\t\t\t\t\t\t\n<h2 class=\"wp-block-heading\">1. introduction<\/h2>\n\n\n\n<p>Bienvenue sur le site web de SeelandBr\u00e4u (ci-apr\u00e8s \u00ab\u00a0nous\u00a0\u00bb, \u00ab\u00a0notre\u00a0\u00bb, \u00ab\u00a0nos\u00a0\u00bb). En acc\u00e9dant \u00e0 notre site Web et en utilisant nos services, vous acceptez les pr\u00e9sentes conditions d&rsquo;utilisation. Veuillez lire attentivement ces conditions. Si vous n&rsquo;\u00eates pas d&rsquo;accord avec ces conditions, nous vous prions de ne plus utiliser le site.<\/p>\n\n\n\n<h2 class=\"wp-block-heading\">2. champ d&rsquo;application<\/h2>\n\n\n\n<p>Les pr\u00e9sentes conditions d&rsquo;utilisation s&rsquo;appliquent au site Internet www.seelandbr\u00e4u.ch ainsi qu&rsquo;\u00e0 tous les sous-sites et services qui y sont li\u00e9s et qui sont fournis par SeelandBr\u00e4u.<\/p>\n\n\n\n<h2 class=\"wp-block-heading\">3. utilisation du site web<\/h2>\n\n\n\n<h3 class=\"wp-block-heading\">3.1. Acc\u00e8s et utilisation<\/h3>\n\n\n\n<p>L&rsquo;utilisation de notre site est exclusivement r\u00e9serv\u00e9e aux personnes ayant atteint l&rsquo;\u00e2ge l\u00e9gal de consommation d&rsquo;alcool dans leur pays. En acc\u00e9dant \u00e0 notre site web, vous confirmez que vous r\u00e9pondez \u00e0 cette exigence d&rsquo;\u00e2ge.<\/p>\n\n\n\n<h3 class=\"wp-block-heading\">3.2. Responsabilit\u00e9 de l&rsquo;utilisateur<\/h3>\n\n\n\n<p>Les utilisateurs de notre site web s&rsquo;engagent \u00e0 ne l&rsquo;utiliser que de mani\u00e8re licite et \u00e0 ne pas diffuser de contenu ill\u00e9gal, diffamatoire, injurieux ou inappropri\u00e9 de quelque mani\u00e8re que ce soit.<\/p>\n\n\n\n<h2 class=\"wp-block-heading\">4. droit d&rsquo;auteur et propri\u00e9t\u00e9 intellectuelle<\/h2>\n\n\n\n<p>Tous les contenus publi\u00e9s sur ce site (y compris, mais sans s&rsquo;y limiter, les textes, images, logos, designs et graphiques) sont la propri\u00e9t\u00e9 de [nom de la brasserie] ou de partenaires sous licence et sont prot\u00e9g\u00e9s par le droit d&rsquo;auteur et d&rsquo;autres lois sur la propri\u00e9t\u00e9 intellectuelle. L&rsquo;utilisation de ce contenu sans autorisation \u00e9crite expresse est interdite.<\/p>\n\n\n\n<h2 class=\"wp-block-heading\">5) Clause de non-responsabilit\u00e9<\/h2>\n\n\n\n<h3 class=\"wp-block-heading\">5.1. Contenu du site web<\/h3>\n\n\n\n<p>Nous nous effor\u00e7ons de maintenir le contenu de notre site Web \u00e0 jour et correct. N\u00e9anmoins, nous ne pouvons pas garantir l&rsquo;exactitude, l&rsquo;exhaustivit\u00e9 et l&rsquo;actualit\u00e9 des informations fournies. Toute utilisation du contenu se fait aux risques et p\u00e9rils de l&rsquo;utilisateur.<\/p>\n\n\n\n<h3 class=\"wp-block-heading\">5.2. Liens externes<\/h3>\n\n\n\n<p>Notre site web peut contenir des liens vers des sites web externes de tiers. Nous n&rsquo;assumons aucune responsabilit\u00e9 quant au contenu de ces sites. L&rsquo;acc\u00e8s \u00e0 ces sites se fait \u00e0 vos propres risques et leur utilisation est soumise \u00e0 leurs propres conditions d&rsquo;utilisation et politiques de confidentialit\u00e9.<\/p>\n\n\n\n<h3 class=\"wp-block-heading\">5.3. Limitation de responsabilit\u00e9<\/h3>\n\n\n\n<p>Nous ne sommes pas responsables des dommages r\u00e9sultant directement ou indirectement de l&rsquo;utilisation de notre site Web, \u00e0 moins qu&rsquo;ils ne soient dus \u00e0 une faute intentionnelle ou \u00e0 une n\u00e9gligence grave de notre part.<\/p>\n\n\n\n<h2 class=\"wp-block-heading\">6. protection des donn\u00e9es<\/h2>\n\n\n\n<p>Notre politique de confidentialit\u00e9 r\u00e9git la mani\u00e8re dont nous collectons, traitons et stockons les donn\u00e9es personnelles. Vous pouvez les consulter <a href=\"http:\/\/xn--seelandbru-y5a.ch\/privacy-policy\/\" data-type=\"page\" data-id=\"3\">ici<\/a>.<\/p>\n\n\n\n<h2 class=\"wp-block-heading\">7. modification des conditions d&rsquo;utilisation<\/h2>\n\n\n\n<p>Nous nous r\u00e9servons le droit de modifier les pr\u00e9sentes conditions d&rsquo;utilisation \u00e0 tout moment. Les modifications entrent en vigueur d\u00e8s qu&rsquo;elles sont publi\u00e9es sur ce site. Veuillez v\u00e9rifier r\u00e9guli\u00e8rement si des mises \u00e0 jour ont \u00e9t\u00e9 effectu\u00e9es.<\/p>\n\n\n\n<h2 class=\"wp-block-heading\">8) Droit applicable et juridiction comp\u00e9tente<\/h2>\n\n\n\n<p>Les pr\u00e9sentes conditions d&rsquo;utilisation sont r\u00e9gies par les lois suisses. Le tribunal comp\u00e9tent pour tout litige d\u00e9coulant de ou li\u00e9 \u00e0 l&rsquo;utilisation de ce site Web est Nidau.<\/p>\n\n\n\n<h2 class=\"wp-block-heading\">9. contact<\/h2>\n\n\n\n<p>Pour toute question concernant les pr\u00e9sentes conditions d&rsquo;utilisation ou le site web en g\u00e9n\u00e9ral, veuillez contacter<\/p>\n\n\n\n<p>Seeland Br\u00e4u AG<br>Uferweg 5, CH &#8211; 2560 Nidau<br><a href=\"mailto:seelandbrau@mail.ch\">seelandbrau@mail.ch<\/a><\/p>\n\t\t\t\t\t\t\t\t<\/div>\n\t\t\t\t<\/div>\n\t\t\t\t\t<\/div>\n\t\t\t\t<\/div>\n\t\t\t\t<\/div>\n\t\t","protected":false},"excerpt":{"rendered":"<p>Conditions d&rsquo;utilisation 1. introduction Bienvenue sur le site web de SeelandBr\u00e4u (ci-apr\u00e8s \u00ab\u00a0nous\u00a0\u00bb, \u00ab\u00a0notre\u00a0\u00bb, \u00ab\u00a0nos\u00a0\u00bb). En acc\u00e9dant \u00e0 notre site Web et en utilisant nos services, vous acceptez les pr\u00e9sentes conditions d&rsquo;utilisation. Veuillez lire attentivement ces conditions. Si vous n&rsquo;\u00eates pas d&rsquo;accord avec ces conditions, nous vous prions de ne plus utiliser le site. 2. [&hellip;]<\/p>\n","protected":false},"author":1,"featured_media":0,"parent":0,"menu_order":0,"comment_status":"closed","ping_status":"closed","template":"elementor_header_footer","meta":{"iawp_total_views":10,"footnotes":""},"class_list":["post-1704","page","type-page","status-publish","hentry"],"_links":{"self":[{"href":"https:\/\/xn--seelandbru-y5a.ch\/fr\/wp-json\/wp\/v2\/pages\/1704","targetHints":{"allow":["GET"]}}],"collection":[{"href":"https:\/\/xn--seelandbru-y5a.ch\/fr\/wp-json\/wp\/v2\/pages"}],"about":[{"href":"https:\/\/xn--seelandbru-y5a.ch\/fr\/wp-json\/wp\/v2\/types\/page"}],"author":[{"embeddable":true,"href":"https:\/\/xn--seelandbru-y5a.ch\/fr\/wp-json\/wp\/v2\/users\/1"}],"replies":[{"embeddable":true,"href":"https:\/\/xn--seelandbru-y5a.ch\/fr\/wp-json\/wp\/v2\/comments?post=1704"}],"version-history":[{"count":1,"href":"https:\/\/xn--seelandbru-y5a.ch\/fr\/wp-json\/wp\/v2\/pages\/1704\/revisions"}],"predecessor-version":[{"id":1705,"href":"https:\/\/xn--seelandbru-y5a.ch\/fr\/wp-json\/wp\/v2\/pages\/1704\/revisions\/1705"}],"wp:attachment":[{"href":"https:\/\/xn--seelandbru-y5a.ch\/fr\/wp-json\/wp\/v2\/media?parent=1704"}],"curies":[{"name":"wp","href":"https:\/\/api.w.org\/{rel}","templated":true}]}}