{"id":1706,"date":"2024-10-03T09:01:53","date_gmt":"2024-10-03T07:01:53","guid":{"rendered":"https:\/\/xn--seelandbru-y5a.ch\/declaration-de-confidentialite\/"},"modified":"2025-07-01T11:25:05","modified_gmt":"2025-07-01T09:25:05","slug":"declaration-de-confidentialite","status":"publish","type":"page","link":"https:\/\/xn--seelandbru-y5a.ch\/fr\/declaration-de-confidentialite\/","title":{"rendered":"D\u00e9claration de confidentialit\u00e9"},"content":{"rendered":"\t\t<div data-elementor-type=\"wp-page\" data-elementor-id=\"1706\" class=\"elementor elementor-1706 elementor-3\" data-elementor-post-type=\"page\">\n\t\t\t\t<div class=\"elementor-element elementor-element-2b799d93 e-flex e-con-boxed e-con e-parent\" data-id=\"2b799d93\" data-element_type=\"container\" data-e-type=\"container\">\n\t\t\t\t\t<div class=\"e-con-inner\">\n\t\t\t\t<div class=\"elementor-element elementor-element-9b8e0cc elementor-widget elementor-widget-heading\" data-id=\"9b8e0cc\" data-element_type=\"widget\" data-e-type=\"widget\" data-widget_type=\"heading.default\">\n\t\t\t\t<div class=\"elementor-widget-container\">\n\t\t\t\t\t<h1 class=\"elementor-heading-title elementor-size-default\">D\u00e9claration de confidentialit\u00e9<\/h1>\t\t\t\t<\/div>\n\t\t\t\t<\/div>\n\t\t\t\t<div class=\"elementor-element elementor-element-65706355 elementor-widget elementor-widget-text-editor\" data-id=\"65706355\" data-element_type=\"widget\" data-e-type=\"widget\" data-widget_type=\"text-editor.default\">\n\t\t\t\t<div class=\"elementor-widget-container\">\n\t\t\t\t\t\t\t\t\t<p><\/p>\n<h2 class=\"wp-block-heading\">1. introduction<\/h2>\n<p><\/p>\n<p><\/p>\n<p>La protection de vos donn\u00e9es personnelles est tr\u00e8s importante pour nous, SeelandBr\u00e4u. Cette d\u00e9claration de confidentialit\u00e9 explique comment nous collectons, utilisons et prot\u00e9geons vos donn\u00e9es lorsque vous visitez notre site web ou interagissez avec nous. Elle est r\u00e9gie par les dispositions du r\u00e8glement g\u00e9n\u00e9ral sur la protection des donn\u00e9es (RGPD).<\/p>\n<p><\/p>\n<p><\/p>\n<h2 class=\"wp-block-heading\">2) Entit\u00e9 responsable<\/h2>\n<p><\/p>\n<p><\/p>\n<p>Le responsable de la collecte, du traitement et de l&rsquo;utilisation de vos donn\u00e9es personnelles au sens du RGPD est<\/p>\n<p><\/p>\n<p><\/p>\n<p>SeelandBr\u00e4u<br>Uferweg 5, 2560 Nidau<br><a href=\"mailto:seelandbrau@mail.ch\">seelandbrau@mail.ch<\/a><\/p>\n<p><\/p>\n<p><\/p>\n<h2 class=\"wp-block-heading\">3. collecte et stockage des donn\u00e9es \u00e0 caract\u00e8re personnel<\/h2>\n<p><\/p>\n<p><\/p>\n<p>Lorsque vous visitez notre site web, nous collectons automatiquement les informations que votre navigateur nous transmet. Cela comprend<\/p>\n<p><\/p>\n<p><\/p>\n<ul class=\"wp-block-list\"><p><\/p>\n<li>Adresse IP<\/li>\n<p><\/p>\n<p><\/p>\n<li>la date et l&rsquo;heure de la demande<\/li>\n<p><\/p>\n<p><\/p>\n<li>le type de navigateur et le syst\u00e8me d&rsquo;exploitation utilis\u00e9s<\/li>\n<p><\/p>\n<p><\/p>\n<li>URL de r\u00e9f\u00e9rence (page visit\u00e9e pr\u00e9c\u00e9demment)<\/li>\n<p><\/p><\/ul>\n<p><\/p>\n<p><\/p>\n<p>Ces donn\u00e9es sont collect\u00e9es uniquement \u00e0 des fins statistiques et pour am\u00e9liorer notre offre. Elles ne sont pas utilis\u00e9es pour tirer des conclusions sur votre personne.<\/p>\n<p><\/p>\n<p><\/p>\n<h2 class=\"wp-block-heading\">4. utilisation de vos donn\u00e9es<\/h2>\n<p><\/p>\n<p><\/p>\n<p>Nous utilisons vos donn\u00e9es personnelles aux fins suivantes :<\/p>\n<p><\/p>\n<p><\/p>\n<ul class=\"wp-block-list\"><p><\/p>\n<li>Pour fournir et optimiser notre site web<\/li>\n<p><\/p>\n<p><\/p>\n<li>Pour r\u00e9pondre aux demandes que vous nous envoyez via le formulaire de contact<\/li>\n<p><\/p>\n<p><\/p>\n<li>pour l&rsquo;envoi d&rsquo;informations publicitaires, si vous y avez express\u00e9ment consenti<\/li>\n<p><\/p><\/ul>\n<p><\/p>\n<p><\/p>\n<h2 class=\"wp-block-heading\">5. transmission de donn\u00e9es \u00e0 des tiers<\/h2>\n<p><\/p>\n<p><\/p>\n<p>Nous ne transmettons vos donn\u00e9es \u00e0 des tiers que si la loi l&rsquo;exige ou si cela est n\u00e9cessaire \u00e0 l&rsquo;ex\u00e9cution d&rsquo;un contrat (par exemple, transmission \u00e0 un prestataire de services de paiement ou \u00e0 une entreprise d&rsquo;exp\u00e9dition).<\/p>\n<p><\/p>\n<p><\/p>\n<h2 class=\"wp-block-heading\">6. utilisation de cookies<\/h2>\n<p><\/p>\n<p><\/p>\n<p>Notre site utilise des cookies pour faciliter son utilisation et permettre certaines fonctionnalit\u00e9s. Les cookies sont de petits fichiers texte qui sont stock\u00e9s sur votre terminal. Vous pouvez \u00e0 tout moment d\u00e9sactiver l&rsquo;utilisation des cookies dans les param\u00e8tres de votre navigateur. Veuillez noter que cela peut limiter la fonctionnalit\u00e9 de notre site web.<\/p>\n<p><\/p>\n<p><\/p>\n<h2 class=\"wp-block-heading\">7. vos droits<\/h2>\n<p><\/p>\n<p><\/p>\n<p>Vous avez le droit<\/p>\n<p><\/p>\n<p><\/p>\n<ul class=\"wp-block-list\"><p><\/p>\n<li>demander des informations sur les donn\u00e9es que nous d\u00e9tenons \u00e0 leur sujet<\/li>\n<p><\/p>\n<p><\/p>\n<li>demander la rectification de donn\u00e9es inexactes<\/li>\n<p><\/p>\n<p><\/p>\n<li>demander la suppression de vos donn\u00e9es si elles ne sont plus n\u00e9cessaires ou s&rsquo;il n&rsquo;existe pas de p\u00e9riode de conservation l\u00e9gale<\/li>\n<p><\/p>\n<p><\/p>\n<li>demander la limitation du traitement de vos donn\u00e9es<\/li>\n<p><\/p>\n<p><\/p>\n<li>de s&rsquo;opposer au traitement des donn\u00e9es lorsqu&rsquo;il est fond\u00e9 sur un int\u00e9r\u00eat l\u00e9gitime<\/li>\n<p><\/p>\n<p><\/p>\n<li>de r\u00e9voquer \u00e0 tout moment votre consentement au traitement des donn\u00e9es<\/li>\n<p><\/p>\n<p><\/p>\n<li>demander la portabilit\u00e9 des donn\u00e9es<\/li>\n<p><\/p><\/ul>\n<p><\/p>\n<p><\/p>\n<p>Pour exercer vos droits, veuillez nous contacter aux coordonn\u00e9es indiqu\u00e9es ci-dessus.<\/p>\n<p><\/p>\n<p><\/p>\n<h2 class=\"wp-block-heading\">8. s\u00e9curit\u00e9 des donn\u00e9es<\/h2>\n<p><\/p>\n<p><\/p>\n<p>Nous mettons en \u0153uvre des mesures de s\u00e9curit\u00e9 techniques et organisationnelles afin de prot\u00e9ger vos donn\u00e9es contre toute manipulation accidentelle ou intentionnelle, perte, destruction ou acc\u00e8s non autoris\u00e9.<\/p>\n<p><\/p>\n<p><\/p>\n<h2 class=\"wp-block-heading\">9. modifications de la pr\u00e9sente d\u00e9claration de confidentialit\u00e9<\/h2>\n<p><\/p>\n<p><\/p>\n<p>Nous nous r\u00e9servons le droit d&rsquo;adapter la pr\u00e9sente d\u00e9claration de confidentialit\u00e9 si n\u00e9cessaire, notamment en cas de modification de la situation juridique ou de nos processus internes. Vous trouverez la version la plus r\u00e9cente sur notre site web.<\/p>\n<p><\/p>\n<p><\/p>\n<h2 class=\"wp-block-heading\">10. contact<\/h2>\n<p><\/p>\n<p><\/p>\n<p>Si vous avez des questions sur le traitement de vos donn\u00e9es personnelles ou sur l&rsquo;exercice de vos droits, vous pouvez nous contacter \u00e0 tout moment :<\/p>\n<p><\/p>\n<p><\/p>\n<p>SeelandBr\u00e4u<br>Uferweg 5, 2560 Nidau<br><a href=\"mailto:seelandbrau@mail.ch\">seelandbrau@mail.ch<\/a><\/p>\n<p><\/p>\t\t\t\t\t\t\t\t<\/div>\n\t\t\t\t<\/div>\n\t\t\t\t\t<\/div>\n\t\t\t\t<\/div>\n\t\t\t\t<\/div>\n\t\t","protected":false},"excerpt":{"rendered":"<p>D\u00e9claration de confidentialit\u00e9 1. introduction La protection de vos donn\u00e9es personnelles est tr\u00e8s importante pour nous, SeelandBr\u00e4u. Cette d\u00e9claration de confidentialit\u00e9 explique comment nous collectons, utilisons et prot\u00e9geons vos donn\u00e9es lorsque vous visitez notre site web ou interagissez avec nous. Elle est r\u00e9gie par les dispositions du r\u00e8glement g\u00e9n\u00e9ral sur la protection des donn\u00e9es (RGPD). [&hellip;]<\/p>\n","protected":false},"author":1,"featured_media":0,"parent":0,"menu_order":0,"comment_status":"closed","ping_status":"open","template":"elementor_header_footer","meta":{"iawp_total_views":14,"footnotes":""},"class_list":["post-1706","page","type-page","status-publish","hentry"],"_links":{"self":[{"href":"https:\/\/xn--seelandbru-y5a.ch\/fr\/wp-json\/wp\/v2\/pages\/1706","targetHints":{"allow":["GET"]}}],"collection":[{"href":"https:\/\/xn--seelandbru-y5a.ch\/fr\/wp-json\/wp\/v2\/pages"}],"about":[{"href":"https:\/\/xn--seelandbru-y5a.ch\/fr\/wp-json\/wp\/v2\/types\/page"}],"author":[{"embeddable":true,"href":"https:\/\/xn--seelandbru-y5a.ch\/fr\/wp-json\/wp\/v2\/users\/1"}],"replies":[{"embeddable":true,"href":"https:\/\/xn--seelandbru-y5a.ch\/fr\/wp-json\/wp\/v2\/comments?post=1706"}],"version-history":[{"count":1,"href":"https:\/\/xn--seelandbru-y5a.ch\/fr\/wp-json\/wp\/v2\/pages\/1706\/revisions"}],"predecessor-version":[{"id":1707,"href":"https:\/\/xn--seelandbru-y5a.ch\/fr\/wp-json\/wp\/v2\/pages\/1706\/revisions\/1707"}],"wp:attachment":[{"href":"https:\/\/xn--seelandbru-y5a.ch\/fr\/wp-json\/wp\/v2\/media?parent=1706"}],"curies":[{"name":"wp","href":"https:\/\/api.w.org\/{rel}","templated":true}]}}