{"id":1710,"date":"2024-10-09T17:13:27","date_gmt":"2024-10-09T15:13:27","guid":{"rendered":"https:\/\/xn--seelandbru-y5a.ch\/types-de-bieres\/"},"modified":"2025-07-01T11:53:03","modified_gmt":"2025-07-01T09:53:03","slug":"types-de-bieres","status":"publish","type":"page","link":"https:\/\/xn--seelandbru-y5a.ch\/fr\/types-de-bieres\/","title":{"rendered":"Types de bi\u00e8res"},"content":{"rendered":"\t\t<div data-elementor-type=\"wp-page\" data-elementor-id=\"1710\" class=\"elementor elementor-1710 elementor-339\" data-elementor-post-type=\"page\">\n\t\t\t\t<div class=\"elementor-element elementor-element-492ddfd0 e-con-full e-flex e-con e-parent\" data-id=\"492ddfd0\" data-element_type=\"container\" data-e-type=\"container\" data-settings=\"{&quot;background_motion_fx_motion_fx_scrolling&quot;:&quot;yes&quot;,&quot;background_motion_fx_range&quot;:&quot;viewport&quot;,&quot;background_motion_fx_devices&quot;:[&quot;desktop&quot;,&quot;tablet&quot;],&quot;background_motion_fx_translateY_speed&quot;:{&quot;unit&quot;:&quot;px&quot;,&quot;size&quot;:10,&quot;sizes&quot;:[]},&quot;background_background&quot;:&quot;classic&quot;,&quot;background_motion_fx_translateY_effect&quot;:&quot;yes&quot;,&quot;background_motion_fx_translateY_direction&quot;:&quot;negative&quot;,&quot;background_motion_fx_translateY_affectedRange&quot;:{&quot;unit&quot;:&quot;%&quot;,&quot;size&quot;:&quot;&quot;,&quot;sizes&quot;:{&quot;start&quot;:0,&quot;end&quot;:100}}}\">\n\t\t\t\t<\/div>\n\t\t<div class=\"elementor-element elementor-element-4d445802 e-flex e-con-boxed e-con e-parent\" data-id=\"4d445802\" data-element_type=\"container\" data-e-type=\"container\">\n\t\t\t\t\t<div class=\"e-con-inner\">\n\t\t\t\t<div class=\"elementor-element elementor-element-7600b5f0 elementor-widget elementor-widget-heading\" data-id=\"7600b5f0\" data-element_type=\"widget\" data-e-type=\"widget\" data-widget_type=\"heading.default\">\n\t\t\t\t<div class=\"elementor-widget-container\">\n\t\t\t\t\t<h1 class=\"elementor-heading-title elementor-size-default\">Types de bi\u00e8res<\/h1>\t\t\t\t<\/div>\n\t\t\t\t<\/div>\n\t\t\t\t<div class=\"elementor-element elementor-element-750defce elementor-widget elementor-widget-text-editor\" data-id=\"750defce\" data-element_type=\"widget\" data-e-type=\"widget\" data-widget_type=\"text-editor.default\">\n\t\t\t\t<div class=\"elementor-widget-container\">\n\t\t\t\t\t\t\t\t\t<p><span style=\"white-space-collapse: preserve;\">La plupart des bi\u00e8res Seeland Br\u00e4u sont certifi\u00e9es BIO et sont produites \u00e0 partir de mati\u00e8res premi\u00e8res issues de l&rsquo;agriculture biologique contr\u00f4l\u00e9e.<\/span><\/p>\t\t\t\t\t\t\t\t<\/div>\n\t\t\t\t<\/div>\n\t\t\t\t<div class=\"elementor-element elementor-element-f7f0365 elementor-widget elementor-widget-text-editor\" data-id=\"f7f0365\" data-element_type=\"widget\" data-e-type=\"widget\" data-widget_type=\"text-editor.default\">\n\t\t\t\t<div class=\"elementor-widget-container\">\n\t\t\t\t\t\t\t\t\t<p>Les vari\u00e9t\u00e9s <strong>Blonde<\/strong>, <strong>Sp\u00e9ciale<\/strong>, <strong>Brune<\/strong> et <strong>Abeille<\/strong> sont toujours disponibles au Bistro LagoLodge. D&rsquo;autres types de bi\u00e8res sont propos\u00e9s en fonction des saisons.<\/p><p><span style=\"white-space-collapse: preserve;\">L&rsquo;<b>Abeille<\/b> n&rsquo;est pas disponible en bouteilles ou en f\u00fbts.<\/span><span style=\"white-space-collapse: preserve;\"><br><\/span><\/p>\t\t\t\t\t\t\t\t<\/div>\n\t\t\t\t<\/div>\n\t\t\t\t<div class=\"elementor-element elementor-element-8c6a84b elementor-align-center elementor-widget elementor-widget-button\" data-id=\"8c6a84b\" data-element_type=\"widget\" data-e-type=\"widget\" data-widget_type=\"button.default\">\n\t\t\t\t<div class=\"elementor-widget-container\">\n\t\t\t\t\t\t\t\t\t<div class=\"elementor-button-wrapper\">\n\t\t\t\t\t<a class=\"elementor-button elementor-button-link elementor-size-sm elementor-animation-grow\" href=\"https:\/\/xn--seelandbru-y5a.ch\/fr\/tarifs\/\">\n\t\t\t\t\t\t<span class=\"elementor-button-content-wrapper\">\n\t\t\t\t\t\t\t\t\t<span class=\"elementor-button-text\">Commander<\/span>\n\t\t\t\t\t<\/span>\n\t\t\t\t\t<\/a>\n\t\t\t\t<\/div>\n\t\t\t\t\t\t\t\t<\/div>\n\t\t\t\t<\/div>\n\t\t\t\t<div class=\"elementor-element elementor-element-2bad56b8 elementor-widget elementor-widget-shortcode\" data-id=\"2bad56b8\" data-element_type=\"widget\" data-e-type=\"widget\" data-widget_type=\"shortcode.default\">\n\t\t\t\t<div class=\"elementor-widget-container\">\n\t\t\t\t\t\t\t<div class=\"elementor-shortcode\">\n<table id=\"tablepress-11\" class=\"tablepress tablepress-id-11\">\n<thead>\n<tr class=\"row-1\">\n\t<th class=\"column-1\">Vari\u00e9t\u00e9s de bi\u00e8res (toujours disponibles)<\/th><th class=\"column-2\">Ingr\u00e9dients<\/th>\n<\/tr>\n<\/thead>\n<tbody class=\"row-hover\">\n<tr class=\"row-2\">\n\t<td class=\"column-1\"><strong>Blonde<\/strong> - la classique sans fioritures<\/td><td class=\"column-2\">Malt d'orge, houblon, levure de fermentation basse, eau<\/td>\n<\/tr>\n<tr class=\"row-3\">\n\t<td class=\"column-1\"><strong>Sp\u00e9ciale <\/strong>- l'ambr\u00e9e au chanvre<\/td><td class=\"column-2\">Malt d'orge, houblon, chanvre, levure de fermentation basse, eau<\/td>\n<\/tr>\n<tr class=\"row-4\">\n\t<td class=\"column-1\"><strong>Brune <\/strong>- la fonc\u00e9e malt\u00e9e<\/td><td class=\"column-2\">Malt d'orge (torr\u00e9fi\u00e9 ou non), houblon, levure de fermentation basse, eau<\/td>\n<\/tr>\n<tr class=\"row-5\">\n\t<td class=\"column-1\"><strong>Abeille <\/strong>- la bi\u00e8re au miel d\u00e9licieusement sucr\u00e9e<\/td><td class=\"column-2\">Malt d'orge, houblon, miel, levure de fermentation basse, eau<\/td>\n<\/tr>\n<\/tbody>\n<\/table>\n<!-- #tablepress-11 from cache -->\n\n<table id=\"tablepress-17\" class=\"tablepress tablepress-id-17\">\n<thead>\n<tr class=\"row-1\">\n\t<th class=\"column-1\">Vari\u00e9t\u00e9s de bi\u00e8res<br \/>\n(disponibles uniquement en saison)<\/th><th class=\"column-2\">Ingr\u00e9dients<\/th>\n<\/tr>\n<\/thead>\n<tbody class=\"row-hover\">\n<tr class=\"row-2\">\n\t<td class=\"column-1\"><strong>M\u00e4rzen<\/strong> - la forte en corps<\/td><td class=\"column-2\">Malt d'orge, houblon, levure de fermentation basse, eau<\/td>\n<\/tr>\n<tr class=\"row-3\">\n\t<td class=\"column-1\"><strong>Soleil<\/strong> - la bi\u00e8re de printemps l\u00e9g\u00e8re et rafra\u00eechissante<\/td><td class=\"column-2\">Malt d'orge et de bl\u00e9, houblon, levure de fermentation basse, eau<\/td>\n<\/tr>\n<tr class=\"row-4\">\n\t<td class=\"column-1\"><strong>Blanche<\/strong> - la blanche fruit\u00e9e<\/td><td class=\"column-2\">Malt d'orge et de bl\u00e9, houblon, levure de haute fermentation, eau<\/td>\n<\/tr>\n<tr class=\"row-5\">\n\t<td class=\"column-1\"><strong>Sureau<\/strong> - la s\u00e9duisante au sureau<\/td><td class=\"column-2\">Malt d'orge, houblon, sureau, levure de fermentation basse, eau<\/td>\n<\/tr>\n<tr class=\"row-6\">\n\t<td class=\"column-1\"><strong>Lago Mio<\/strong> - la bi\u00e8re forte hivernale<\/td><td class=\"column-2\">Malt d'orge (torr\u00e9fi\u00e9), houblon, levure de fermentation basse, eau<\/td>\n<\/tr>\n<tr class=\"row-7\">\n\t<td class=\"column-1\"><strong>Ginger<\/strong> - la puissante au gingembre<\/td><td class=\"column-2\">Malt d'orge, houblon, gingembre, levure de fermentation basse, eau<\/td>\n<\/tr>\n<tr class=\"row-8\">\n\t<td class=\"column-1\"><strong>Cascade <\/strong>- l'ambr\u00e9e bien houblonn\u00e9e<\/td><td class=\"column-2\">Malt d'orge, houblon, levure de fermentation basse, eau<\/td>\n<\/tr>\n<tr class=\"row-9\">\n\t<td class=\"column-1\"><strong>Merveille <\/strong>- la d\u00e9licieuse avec du houblon Mandarina<\/td><td class=\"column-2\">Malt d'orge, houblon, levure de fermentation basse, eau<\/td>\n<\/tr>\n<tr class=\"row-10\">\n\t<td class=\"column-1\"><strong>Indienne<\/strong> - l'India Pale Ale (IPA), l\u00e9g\u00e8re et exotique<\/td><td class=\"column-2\">Malt d'orge, houblon, levure de haute fermentation, eau<\/td>\n<\/tr>\n<\/tbody>\n<\/table>\n<!-- #tablepress-17 from cache --><\/div>\n\t\t\t\t\t\t<\/div>\n\t\t\t\t<\/div>\n\t\t\t\t\t<\/div>\n\t\t\t\t<\/div>\n\t\t\t\t<\/div>\n\t\t","protected":false},"excerpt":{"rendered":"<p>Types de bi\u00e8res La plupart des bi\u00e8res Seeland Br\u00e4u sont certifi\u00e9es BIO et sont produites \u00e0 partir de mati\u00e8res premi\u00e8res issues de l&rsquo;agriculture biologique contr\u00f4l\u00e9e. Les vari\u00e9t\u00e9s Blonde, Sp\u00e9ciale, Brune et Abeille sont toujours disponibles au Bistro LagoLodge. D&rsquo;autres types de bi\u00e8res sont propos\u00e9s en fonction des saisons. L&rsquo;Abeille n&rsquo;est pas disponible en bouteilles ou [&hellip;]<\/p>\n","protected":false},"author":1,"featured_media":0,"parent":0,"menu_order":0,"comment_status":"closed","ping_status":"closed","template":"elementor_header_footer","meta":{"iawp_total_views":90,"footnotes":""},"class_list":["post-1710","page","type-page","status-publish","hentry"],"_links":{"self":[{"href":"https:\/\/xn--seelandbru-y5a.ch\/fr\/wp-json\/wp\/v2\/pages\/1710","targetHints":{"allow":["GET"]}}],"collection":[{"href":"https:\/\/xn--seelandbru-y5a.ch\/fr\/wp-json\/wp\/v2\/pages"}],"about":[{"href":"https:\/\/xn--seelandbru-y5a.ch\/fr\/wp-json\/wp\/v2\/types\/page"}],"author":[{"embeddable":true,"href":"https:\/\/xn--seelandbru-y5a.ch\/fr\/wp-json\/wp\/v2\/users\/1"}],"replies":[{"embeddable":true,"href":"https:\/\/xn--seelandbru-y5a.ch\/fr\/wp-json\/wp\/v2\/comments?post=1710"}],"version-history":[{"count":4,"href":"https:\/\/xn--seelandbru-y5a.ch\/fr\/wp-json\/wp\/v2\/pages\/1710\/revisions"}],"predecessor-version":[{"id":1742,"href":"https:\/\/xn--seelandbru-y5a.ch\/fr\/wp-json\/wp\/v2\/pages\/1710\/revisions\/1742"}],"wp:attachment":[{"href":"https:\/\/xn--seelandbru-y5a.ch\/fr\/wp-json\/wp\/v2\/media?parent=1710"}],"curies":[{"name":"wp","href":"https:\/\/api.w.org\/{rel}","templated":true}]}}